{"id":8,"date":"2016-01-20T09:37:11","date_gmt":"2016-01-20T08:37:11","guid":{"rendered":"http:\/\/fermedumoulinet.com\/?page_id=8"},"modified":"2024-01-08T18:57:02","modified_gmt":"2024-01-08T17:57:02","slug":"ferme-moulinet-ferme-cultive-qualite","status":"publish","type":"page","link":"https:\/\/fermedumoulinet.com\/","title":{"rendered":"La Ferme du Moulinet : la culture de la qualit\u00e9"},"content":{"rendered":"<div class=\"row-container page_1\">\n<div class=\"row-content\">\n<div class=\"row\">\n<div class=\"column\">\n<div class=\"column-content\">\n<h4><strong>Le Yaourt Nature : 4\u00e8me m\u00e9daille en 2023 !<\/strong><\/h4>\n<\/div>\n<\/div>\n<\/div>\n<\/div>\n<\/div>\n<p style=\"text-align: left;\"><img decoding=\"async\" loading=\"lazy\" class=\"wp-image-199 alignleft\" src=\"http:\/\/fermedumoulinet.com\/wp-content\/uploads\/2016\/01\/Nature-20-triple-medaille-300x258.png\" alt=\"Nature 20 triple medaille\" width=\"234\" height=\"201\" srcset=\"https:\/\/fermedumoulinet.com\/wp-content\/uploads\/2016\/01\/Nature-20-triple-medaille-300x258.png 300w, https:\/\/fermedumoulinet.com\/wp-content\/uploads\/2016\/01\/Nature-20-triple-medaille-768x661.png 768w, https:\/\/fermedumoulinet.com\/wp-content\/uploads\/2016\/01\/Nature-20-triple-medaille-1024x882.png 1024w\" sizes=\"(max-width: 234px) 100vw, 234px\" \/><\/p>\n<p>Notre yaourt nature a de nouveau \u00e9t\u00e9 prim\u00e9 au Salon de l&rsquo;Agriculture en 2023.<\/p>\n<p>Apr\u00e8s une m\u00e9daille d&rsquo;or en 2016,<\/p>\n<p>1 m\u00e9daille d&rsquo;argent en 2017,<\/p>\n<p>1 m\u00e9daille d&rsquo;argent en 2020,<\/p>\n<p>C&rsquo;est une m\u00e9daille de bronze qui a \u00e9t\u00e9 d\u00e9croch\u00e9e en 2023.<\/p>\n<h4><strong>Une ferme normande traditionnelle<\/strong><\/h4>\n<div class=\"row-container page_1\">\n<div class=\"row-content\">\n<div class=\"row\">\n<div class=\"column\">\n<div class=\"column-content\">\n<div class=\"clearfix\">\n<figure id=\"attachment_99\" aria-describedby=\"caption-attachment-99\" style=\"width: 134px\" class=\"wp-caption alignleft\"><img decoding=\"async\" loading=\"lazy\" class=\" wp-image-99\" src=\"http:\/\/fermedumoulinet.com\/wp-content\/uploads\/2016\/02\/carte-asterix-295x300.png\" alt=\"A Sainte M\u00e8re Eglise en Normandie\" width=\"134\" height=\"136\" srcset=\"https:\/\/fermedumoulinet.com\/wp-content\/uploads\/2016\/02\/carte-asterix-295x300.png 295w, https:\/\/fermedumoulinet.com\/wp-content\/uploads\/2016\/02\/carte-asterix.png 459w\" sizes=\"(max-width: 134px) 100vw, 134px\" \/><figcaption id=\"caption-attachment-99\" class=\"wp-caption-text\">A Sainte-M\u00e8re-Eglise en Normandie<\/figcaption><\/figure>\n<figure id=\"attachment_100\" aria-describedby=\"caption-attachment-100\" style=\"width: 321px\" class=\"wp-caption alignright\"><img decoding=\"async\" loading=\"lazy\" class=\" wp-image-100\" src=\"http:\/\/fermedumoulinet.com\/wp-content\/uploads\/2016\/02\/ferme-300x126.png\" alt=\"Les b\u00e2timents\" width=\"321\" height=\"135\" srcset=\"https:\/\/fermedumoulinet.com\/wp-content\/uploads\/2016\/02\/ferme-300x126.png 300w, https:\/\/fermedumoulinet.com\/wp-content\/uploads\/2016\/02\/ferme.png 600w\" sizes=\"(max-width: 321px) 100vw, 321px\" \/><figcaption id=\"caption-attachment-100\" class=\"wp-caption-text\">Les b\u00e2timents<\/figcaption><\/figure>\n<p>La Ferme du Moulinet se situe \u00e0 Sainte-M\u00e8re-\u00c9glise en Normandie, au c\u0153ur du Parc des Marais du Cotentin et du Bessin.<\/p>\n<p style=\"text-align: left;\" align=\"center\">Actuellement Franck et Jean-Christophe sont les deux fermiers de cette ferme familiale.<\/p>\n<p align=\"center\">\n<\/div>\n<\/div>\n<\/div>\n<\/div>\n<\/div>\n<\/div>\n<p style=\"text-align: left;\" align=\"center\">\n<figure id=\"attachment_102\" aria-describedby=\"caption-attachment-102\" style=\"width: 300px\" class=\"wp-caption alignleft\"><img decoding=\"async\" loading=\"lazy\" class=\"size-medium wp-image-102\" src=\"http:\/\/fermedumoulinet.com\/wp-content\/uploads\/2016\/02\/lemoulinet-300x169.jpg\" alt=\"Prairies de la ferme du Moulinet\" width=\"300\" height=\"169\" srcset=\"https:\/\/fermedumoulinet.com\/wp-content\/uploads\/2016\/02\/lemoulinet-300x169.jpg 300w, https:\/\/fermedumoulinet.com\/wp-content\/uploads\/2016\/02\/lemoulinet.jpg 600w\" sizes=\"(max-width: 300px) 100vw, 300px\" \/><figcaption id=\"caption-attachment-102\" class=\"wp-caption-text\">Prairies dans les marais<\/figcaption><\/figure>\n<p style=\"text-align: left;\" align=\"center\">Le Cotentin au climat doux et humide est id\u00e9al pour l\u2019\u00e9levage laitier de qualit\u00e9.<\/p>\n<p>Les prairies des marais fournissent des p\u00e2turages abondants et typiques.<\/p>\n<p>Les animaux peuvent donc brouter d\u00e8s que le temps le permet.<\/p>\n<p>Les autres parcelles permettent la culture de c\u00e9r\u00e9ales qui apportent le compl\u00e9ment aux prairies.<\/p>\n<h4><strong>La Ferme du Moulinet : des yaourts et des fromages blancs<\/strong><\/h4>\n<figure id=\"attachment_101\" aria-describedby=\"caption-attachment-101\" style=\"width: 333px\" class=\"wp-caption aligncenter\"><img decoding=\"async\" loading=\"lazy\" class=\"wp-image-101 \" src=\"http:\/\/fermedumoulinet.com\/wp-content\/uploads\/2016\/02\/fromageblanc-300x225.jpg\" alt=\"fromage blanc\" width=\"333\" height=\"250\" srcset=\"https:\/\/fermedumoulinet.com\/wp-content\/uploads\/2016\/02\/fromageblanc-300x225.jpg 300w, https:\/\/fermedumoulinet.com\/wp-content\/uploads\/2016\/02\/fromageblanc.jpg 600w\" sizes=\"(max-width: 333px) 100vw, 333px\" \/><figcaption id=\"caption-attachment-101\" class=\"wp-caption-text\">Fromage blanc<\/figcaption><\/figure>\n<figure id=\"attachment_103\" aria-describedby=\"caption-attachment-103\" style=\"width: 333px\" class=\"wp-caption alignright\"><img decoding=\"async\" loading=\"lazy\" class=\" wp-image-103\" src=\"http:\/\/fermedumoulinet.com\/wp-content\/uploads\/2016\/02\/produitslaitiers-300x225.jpg\" alt=\"Yaourts et fromages blancs de la Ferme du Moulinet\" width=\"333\" height=\"250\" srcset=\"https:\/\/fermedumoulinet.com\/wp-content\/uploads\/2016\/02\/produitslaitiers-300x225.jpg 300w, https:\/\/fermedumoulinet.com\/wp-content\/uploads\/2016\/02\/produitslaitiers.jpg 600w\" sizes=\"(max-width: 333px) 100vw, 333px\" \/><figcaption id=\"caption-attachment-103\" class=\"wp-caption-text\">Yaourts<\/figcaption><\/figure>\n<p align=\"center\">Depuis 2013, la Ferme du Moulinet produit des yaourts et des fromages blancs pour vous faire profiter de produits fermiers de qualit\u00e9 au go\u00fbt de tradition et de terroir.<\/p>\n<p style=\"text-align: left;\" align=\"center\">Ces d\u00e9licieux produits sont actuellement distribu\u00e9s dans les commerces de la Manche et de l\u2019ouest du Calvados.<\/p>\n<p style=\"text-align: left;\" align=\"center\">\u00a0 <a style=\"pointer-events: none;\" href=\"https:\/\/www.google.com\/maps\/d\/embed?mid=zUi1XRv_jOiA.kfGP2R1M56AE\" target=\"_blank\" rel=\"noopener\">Carte des lieux de vente<\/a>.<\/p>\n<p style=\"text-align: left;\" align=\"center\">Nich\u00e9e dans le bocage normand, la Ferme du Moulinet vous d\u00e9voile ses savoureux produits issus d&rsquo;un terroir d&rsquo;exception et d&rsquo;un d\u00e9licieux savoir-faire.<\/p>\n<p style=\"text-align: center;\" align=\"center\">3.2 grammes de tradition, 2.5 grammes de terroir et des tonnes de passion&#8230;<\/p>\n<p style=\"text-align: left;\" align=\"center\">\u00a0 \u00a0 \u00a0 \u00a0 \u00a0 \u00a0 \u00a0 \u00a0 \u00a0 \u00a0 \u00a0 \u00a0 \u00a0 \u00a0 \u00a0 \u00a0 \u00a0 \u00a0 \u00a0 \u00a0 \u00a0 \u00a0 \u00a0 \u00a0 \u00a0 \u00a0 \u00a0 \u00a0 \u00a0 \u00a0 \u00a0 \u00a0 \u00a0 \u00a0 \u00a0 \u00a0 \u00a0 \u00a0 \u00a0 \u00a0 \u00a0 \u00a0 \u00a0 \u00a0 \u00a0 \u00a0 \u00a0 \u00a0 \u00a0 100% Vrai &#8211; 100% Bon !<\/p>\n","protected":false},"excerpt":{"rendered":"<p>Le Yaourt Nature : 4\u00e8me m\u00e9daille en 2023 ! Notre yaourt nature a de nouveau \u00e9t\u00e9 prim\u00e9 au Salon de l&rsquo;Agriculture en 2023. Apr\u00e8s une m\u00e9daille d&rsquo;or en 2016, 1 m\u00e9daille d&rsquo;argent en 2017, 1 m\u00e9daille d&rsquo;argent en 2020, C&rsquo;est une m\u00e9daille de bronze qui a \u00e9t\u00e9 d\u00e9croch\u00e9e en 2023. Une ferme normande traditionnelle La Ferme du Moulinet se situe \u00e0 Sainte-M\u00e8re-\u00c9glise en Normandie, au c\u0153ur du Parc des Marais du Cotentin et du Bessin. Actuellement Franck et Jean-Christophe sont les deux fermiers de cette ferme familiale. Le Cotentin au climat doux et humide est id\u00e9al pour l\u2019\u00e9levage laitier de qualit\u00e9. Les prairies des marais fournissent des p\u00e2turages abondants et typiques. Les animaux peuvent donc brouter d\u00e8s que le temps le permet. Les autres parcelles permettent la culture de c\u00e9r\u00e9ales qui apportent le compl\u00e9ment aux prairies. La Ferme du Moulinet : des yaourts et des fromages blancs Depuis 2013, la Ferme du Moulinet produit des yaourts et des fromages blancs pour vous faire profiter de produits fermiers de qualit\u00e9 au go\u00fbt de tradition et de terroir. Ces d\u00e9licieux produits sont actuellement distribu\u00e9s dans les commerces de la Manche et de l\u2019ouest du Calvados. \u00a0 Carte des lieux de vente. Nich\u00e9e dans le bocage normand, la Ferme du Moulinet vous d\u00e9voile ses savoureux produits issus d&rsquo;un terroir d&rsquo;exception et d&rsquo;un d\u00e9licieux savoir-faire. 3.2 grammes de tradition, 2.5 grammes de terroir et des tonnes de passion&#8230; \u00a0 \u00a0 \u00a0 \u00a0 \u00a0 \u00a0 \u00a0 \u00a0 \u00a0 \u00a0 \u00a0 \u00a0 \u00a0 \u00a0 \u00a0 \u00a0 \u00a0 \u00a0 \u00a0 \u00a0 \u00a0 \u00a0 \u00a0 \u00a0 \u00a0 \u00a0 \u00a0 \u00a0 \u00a0 \u00a0 \u00a0 \u00a0 \u00a0 \u00a0 \u00a0 \u00a0 \u00a0 \u00a0 \u00a0 \u00a0 \u00a0 \u00a0 \u00a0 \u00a0 \u00a0 \u00a0 \u00a0 \u00a0 \u00a0 100% Vrai &#8211; 100% Bon !<\/p>\n","protected":false},"author":3,"featured_media":0,"parent":0,"menu_order":0,"comment_status":"closed","ping_status":"closed","template":"","meta":{"_mi_skip_tracking":false},"yoast_head":"<!-- This site is optimized with the Yoast SEO plugin v20.0 - https:\/\/yoast.com\/wordpress\/plugins\/seo\/ -->\n<title>Ferme du Moulinet - Yaourt et Fromage Blanc<\/title>\n<meta name=\"description\" content=\"La Ferme du Moulinet\u00a0se situe \u00e0 Sainte-M\u00e8re-\u00c9glise en Normandie. Depuis 2013, elle produit des yaourts et des fromages blancs reconnus pour leur qualit\u00e9.\" \/>\n<meta name=\"robots\" content=\"index, follow, max-snippet:-1, max-image-preview:large, max-video-preview:-1\" \/>\n<link rel=\"canonical\" href=\"http:\/\/fermedumoulinet.com\/\" \/>\n<meta property=\"og:locale\" content=\"fr_FR\" \/>\n<meta property=\"og:type\" content=\"article\" \/>\n<meta property=\"og:title\" content=\"Ferme du Moulinet - Yaourt et Fromage Blanc\" \/>\n<meta property=\"og:description\" content=\"La Ferme du Moulinet\u00a0se situe \u00e0 Sainte-M\u00e8re-\u00c9glise en Normandie. Depuis 2013, elle produit des yaourts et des fromages blancs reconnus pour leur qualit\u00e9.\" \/>\n<meta property=\"og:url\" content=\"http:\/\/fermedumoulinet.com\/\" \/>\n<meta property=\"article:publisher\" content=\"https:\/\/www.facebook.com\/Ferme-du-Moulinet-453255748186140\/?fref=ts\" \/>\n<meta property=\"article:modified_time\" content=\"2024-01-08T17:57:02+00:00\" \/>\n<meta property=\"og:image\" content=\"http:\/\/fermedumoulinet.com\/wp-content\/uploads\/2016\/01\/Nature-20-triple-medaille-300x258.png\" \/>\n<meta name=\"twitter:card\" content=\"summary_large_image\" \/>\n<meta name=\"twitter:label1\" content=\"Dur\u00e9e de lecture estim\u00e9e\" \/>\n\t<meta name=\"twitter:data1\" content=\"3 minutes\" \/>\n<script type=\"application\/ld+json\" class=\"yoast-schema-graph\">{\"@context\":\"https:\/\/schema.org\",\"@graph\":[{\"@type\":\"WebPage\",\"@id\":\"http:\/\/fermedumoulinet.com\/\",\"url\":\"http:\/\/fermedumoulinet.com\/\",\"name\":\"Ferme du Moulinet - Yaourt et Fromage Blanc\",\"isPartOf\":{\"@id\":\"http:\/\/fermedumoulinet.com\/#website\"},\"datePublished\":\"2016-01-20T08:37:11+00:00\",\"dateModified\":\"2024-01-08T17:57:02+00:00\",\"description\":\"La Ferme du Moulinet\u00a0se situe \u00e0 Sainte-M\u00e8re-\u00c9glise en Normandie. Depuis 2013, elle produit des yaourts et des fromages blancs reconnus pour leur qualit\u00e9.\",\"breadcrumb\":{\"@id\":\"http:\/\/fermedumoulinet.com\/#breadcrumb\"},\"inLanguage\":\"fr-FR\",\"potentialAction\":[{\"@type\":\"ReadAction\",\"target\":[\"http:\/\/fermedumoulinet.com\/\"]}]},{\"@type\":\"BreadcrumbList\",\"@id\":\"http:\/\/fermedumoulinet.com\/#breadcrumb\",\"itemListElement\":[{\"@type\":\"ListItem\",\"position\":1,\"name\":\"Accueil\",\"item\":\"http:\/\/fermedumoulinet.com\/\"},{\"@type\":\"ListItem\",\"position\":2,\"name\":\"La Ferme du Moulinet : la culture de la qualit\u00e9\"}]},{\"@type\":\"WebSite\",\"@id\":\"http:\/\/fermedumoulinet.com\/#website\",\"url\":\"http:\/\/fermedumoulinet.com\/\",\"name\":\"\",\"description\":\"\",\"potentialAction\":[{\"@type\":\"SearchAction\",\"target\":{\"@type\":\"EntryPoint\",\"urlTemplate\":\"http:\/\/fermedumoulinet.com\/?s={search_term_string}\"},\"query-input\":\"required name=search_term_string\"}],\"inLanguage\":\"fr-FR\"}]}<\/script>\n<!-- \/ Yoast SEO plugin. -->","yoast_head_json":{"title":"Ferme du Moulinet - Yaourt et Fromage Blanc","description":"La Ferme du Moulinet\u00a0se situe \u00e0 Sainte-M\u00e8re-\u00c9glise en Normandie. Depuis 2013, elle produit des yaourts et des fromages blancs reconnus pour leur qualit\u00e9.","robots":{"index":"index","follow":"follow","max-snippet":"max-snippet:-1","max-image-preview":"max-image-preview:large","max-video-preview":"max-video-preview:-1"},"canonical":"http:\/\/fermedumoulinet.com\/","og_locale":"fr_FR","og_type":"article","og_title":"Ferme du Moulinet - Yaourt et Fromage Blanc","og_description":"La Ferme du Moulinet\u00a0se situe \u00e0 Sainte-M\u00e8re-\u00c9glise en Normandie. Depuis 2013, elle produit des yaourts et des fromages blancs reconnus pour leur qualit\u00e9.","og_url":"http:\/\/fermedumoulinet.com\/","article_publisher":"https:\/\/www.facebook.com\/Ferme-du-Moulinet-453255748186140\/?fref=ts","article_modified_time":"2024-01-08T17:57:02+00:00","og_image":[{"url":"http:\/\/fermedumoulinet.com\/wp-content\/uploads\/2016\/01\/Nature-20-triple-medaille-300x258.png"}],"twitter_card":"summary_large_image","twitter_misc":{"Dur\u00e9e de lecture estim\u00e9e":"3 minutes"},"schema":{"@context":"https:\/\/schema.org","@graph":[{"@type":"WebPage","@id":"http:\/\/fermedumoulinet.com\/","url":"http:\/\/fermedumoulinet.com\/","name":"Ferme du Moulinet - Yaourt et Fromage Blanc","isPartOf":{"@id":"http:\/\/fermedumoulinet.com\/#website"},"datePublished":"2016-01-20T08:37:11+00:00","dateModified":"2024-01-08T17:57:02+00:00","description":"La Ferme du Moulinet\u00a0se situe \u00e0 Sainte-M\u00e8re-\u00c9glise en Normandie. Depuis 2013, elle produit des yaourts et des fromages blancs reconnus pour leur qualit\u00e9.","breadcrumb":{"@id":"http:\/\/fermedumoulinet.com\/#breadcrumb"},"inLanguage":"fr-FR","potentialAction":[{"@type":"ReadAction","target":["http:\/\/fermedumoulinet.com\/"]}]},{"@type":"BreadcrumbList","@id":"http:\/\/fermedumoulinet.com\/#breadcrumb","itemListElement":[{"@type":"ListItem","position":1,"name":"Accueil","item":"http:\/\/fermedumoulinet.com\/"},{"@type":"ListItem","position":2,"name":"La Ferme du Moulinet : la culture de la qualit\u00e9"}]},{"@type":"WebSite","@id":"http:\/\/fermedumoulinet.com\/#website","url":"http:\/\/fermedumoulinet.com\/","name":"","description":"","potentialAction":[{"@type":"SearchAction","target":{"@type":"EntryPoint","urlTemplate":"http:\/\/fermedumoulinet.com\/?s={search_term_string}"},"query-input":"required name=search_term_string"}],"inLanguage":"fr-FR"}]}},"_links":{"self":[{"href":"https:\/\/fermedumoulinet.com\/index.php\/wp-json\/wp\/v2\/pages\/8"}],"collection":[{"href":"https:\/\/fermedumoulinet.com\/index.php\/wp-json\/wp\/v2\/pages"}],"about":[{"href":"https:\/\/fermedumoulinet.com\/index.php\/wp-json\/wp\/v2\/types\/page"}],"author":[{"embeddable":true,"href":"https:\/\/fermedumoulinet.com\/index.php\/wp-json\/wp\/v2\/users\/3"}],"replies":[{"embeddable":true,"href":"https:\/\/fermedumoulinet.com\/index.php\/wp-json\/wp\/v2\/comments?post=8"}],"version-history":[{"count":44,"href":"https:\/\/fermedumoulinet.com\/index.php\/wp-json\/wp\/v2\/pages\/8\/revisions"}],"predecessor-version":[{"id":349,"href":"https:\/\/fermedumoulinet.com\/index.php\/wp-json\/wp\/v2\/pages\/8\/revisions\/349"}],"wp:attachment":[{"href":"https:\/\/fermedumoulinet.com\/index.php\/wp-json\/wp\/v2\/media?parent=8"}],"curies":[{"name":"wp","href":"https:\/\/api.w.org\/{rel}","templated":true}]}}