{"id":22,"date":"2016-01-20T09:38:58","date_gmt":"2016-01-20T08:38:58","guid":{"rendered":"http:\/\/fermedumoulinet.com\/?page_id=22"},"modified":"2016-03-03T11:59:54","modified_gmt":"2016-03-03T10:59:54","slug":"mentions-legales","status":"publish","type":"page","link":"https:\/\/fermedumoulinet.com\/index.php\/mentions-legales\/","title":{"rendered":"Mentions l\u00e9gales"},"content":{"rendered":"<p><strong>Propri\u00e9taire du site Internet :<\/strong><\/p>\n<p>G.A.E.C du Moulinet<br \/>\nEcoquen\u00e9auville<br \/>\n50480\u00a0SAINTE-MERE-EGLISE<br \/>\nT\u00e9l :\u00a002 33 93 15 71<br \/>\nCourriel : fermedumoulinet@sfr.fr<br \/>\nGAEC enregistr\u00e9 aupr\u00e8s du RCS de Cherbourg sous le num\u00e9ro 351 490 933<br \/>\nCapital social\u00a0: 152 449 \u20ac<\/p>\n<p>&nbsp;<\/p>\n<p><strong>H\u00e9bergement :<\/strong><br \/>\nSAS au capital de 10 000 000 \u20ac<br \/>\nRCS Roubaix \u2013 Tourcoing 424 761 419 00045<br \/>\nCode APE 6202A<br \/>\nN\u00b0 TVA : FR 22 424 761 419<br \/>\nSi\u00e8ge social : 2 rue Kellermann \u2013 59100 Roubaix \u2013 France<br \/>\nVos demandes commerciales : 08 20 32 03 63<br \/>\nVos questions techniques : 08 99 70 17 61<\/p>\n<p><strong>Droits d\u2019auteur :<\/strong><br \/>\nLa ferme du moulinet\u00a0informe les utilisateurs du site\u00a0<a href=\"http:\/\/www.fermedumoulinet.com\" target=\"_blank\">www.fermedumoulinet.com<\/a>\u00a0que toutes les informations ou documents ainsi que tous les \u00e9l\u00e9ments cr\u00e9\u00e9s pour le site sont la propri\u00e9t\u00e9 de la ferme. Ces \u00e9l\u00e9ments sont soumis \u00e0 la l\u00e9gislation prot\u00e9geant le droit d\u2019auteur. Par cons\u00e9quent, aucune licence, ni aucun autre droit sauf celui de consulter les informations, n\u2019est conf\u00e9r\u00e9 \u00e0 quiconque au regard des droits de la propri\u00e9t\u00e9 intellectuelle.<br \/>\nToute reproduction, repr\u00e9sentation, modification, publication, transmission, d\u00e9naturation totale ou partielle du site ou de son contenu, par quelque proc\u00e9d\u00e9 que ce soit, et sur quelque support que ce soit , est interdite, sauf autorisation expresse de son propri\u00e8taire.<br \/>\nToute exploitation non autoris\u00e9e du site ou de son contenu, ainsi que des informations qui y sont divulgu\u00e9es, engagerait la responsabilit\u00e9 de l\u2019utilisateur et constituerait une contrefa\u00e7on sanctionn\u00e9e par les articles L335-2 et suivants du Code de la propri\u00e9t\u00e9 intellectuelle.<\/p>\n<p><strong>\u00c9tablissement de liens\u00a0:<\/strong><br \/>\nLe site <a href=\"http:\/\/www.fermedumoulinet.com\" target=\"_blank\">www.fermedumoulinet.com<\/a>\u00a0contient des liens hypertextes permettant l\u2019acc\u00e8s \u00e0 des sites qui ne sont pas \u00e9dit\u00e9s par la ferme. En cons\u00e9quence, cette derni\u00e8re ne saurait \u00eatre tenue pour responsable du contenu des sites, des liens qu\u2019ils contiennent, les changements ou mises \u00e0 jour qui leur sont apport\u00e9s auxquels l\u2019internaute aurait ainsi acc\u00e8s.<\/p>\n<p><strong>Cr\u00e9dits photographiques :<\/strong><br \/>\nPersonnel de la ferme du Moulinet.<\/p>\n","protected":false},"excerpt":{"rendered":"<p>Propri\u00e9taire du site Internet : G.A.E.C du Moulinet Ecoquen\u00e9auville 50480\u00a0SAINTE-MERE-EGLISE T\u00e9l :\u00a002 33 93 15 71 Courriel : fermedumoulinet@sfr.fr GAEC enregistr\u00e9 aupr\u00e8s du RCS de Cherbourg sous le num\u00e9ro 351 490 933 Capital social\u00a0: 152 449 \u20ac &nbsp; H\u00e9bergement : SAS au capital de 10 000 000 \u20ac RCS Roubaix \u2013 Tourcoing 424 761 419 00045 Code APE 6202A N\u00b0 TVA : FR 22 424 761 419 Si\u00e8ge social : 2 rue Kellermann \u2013 59100 Roubaix \u2013 France Vos demandes commerciales : 08 20 32 03 63 Vos questions techniques : 08 99 70 17 61 Droits d\u2019auteur : La ferme du moulinet\u00a0informe les utilisateurs du site\u00a0www.fermedumoulinet.com\u00a0que toutes les informations ou documents ainsi que tous les \u00e9l\u00e9ments cr\u00e9\u00e9s pour le site sont la propri\u00e9t\u00e9 de la ferme. Ces \u00e9l\u00e9ments sont soumis \u00e0 la l\u00e9gislation prot\u00e9geant le droit d\u2019auteur. Par cons\u00e9quent, aucune licence, ni aucun autre droit sauf celui de consulter les informations, n\u2019est conf\u00e9r\u00e9 \u00e0 quiconque au regard des droits de la propri\u00e9t\u00e9 intellectuelle. Toute reproduction, repr\u00e9sentation, modification, publication, transmission, d\u00e9naturation totale ou partielle du site ou de son contenu, par quelque proc\u00e9d\u00e9 que ce soit, et sur quelque support que ce soit , est interdite, sauf autorisation expresse de son propri\u00e8taire. Toute exploitation non autoris\u00e9e du site ou de son contenu, ainsi que des informations qui y sont divulgu\u00e9es, engagerait la responsabilit\u00e9 de l\u2019utilisateur et constituerait une contrefa\u00e7on sanctionn\u00e9e par les articles L335-2 et suivants du Code de la propri\u00e9t\u00e9 intellectuelle. \u00c9tablissement de liens\u00a0: Le site www.fermedumoulinet.com\u00a0contient des liens hypertextes permettant l\u2019acc\u00e8s \u00e0 des sites qui ne sont pas \u00e9dit\u00e9s par la ferme. En cons\u00e9quence, cette derni\u00e8re ne saurait \u00eatre tenue pour responsable du contenu des sites, des liens qu\u2019ils contiennent, les changements ou mises \u00e0 jour qui leur sont apport\u00e9s auxquels l\u2019internaute aurait ainsi acc\u00e8s. Cr\u00e9dits photographiques : Personnel de la ferme du Moulinet.<\/p>\n","protected":false},"author":3,"featured_media":0,"parent":0,"menu_order":0,"comment_status":"closed","ping_status":"closed","template":"","meta":{"_mi_skip_tracking":false},"yoast_head":"<!-- This site is optimized with the Yoast SEO plugin v20.0 - https:\/\/yoast.com\/wordpress\/plugins\/seo\/ -->\n<title>Mentions l\u00e9gales &bull;<\/title>\n<meta name=\"robots\" content=\"index, follow, max-snippet:-1, max-image-preview:large, max-video-preview:-1\" \/>\n<link rel=\"canonical\" href=\"https:\/\/fermedumoulinet.com\/index.php\/mentions-legales\/\" \/>\n<meta property=\"og:locale\" content=\"fr_FR\" \/>\n<meta property=\"og:type\" content=\"article\" \/>\n<meta property=\"og:title\" content=\"Mentions l\u00e9gales &bull;\" \/>\n<meta property=\"og:description\" content=\"Propri\u00e9taire du site Internet : G.A.E.C du Moulinet Ecoquen\u00e9auville 50480\u00a0SAINTE-MERE-EGLISE T\u00e9l :\u00a002 33 93 15 71 Courriel : fermedumoulinet@sfr.fr GAEC enregistr\u00e9 aupr\u00e8s du RCS de Cherbourg sous le num\u00e9ro 351 490 933 Capital social\u00a0: 152 449 \u20ac &nbsp; H\u00e9bergement : SAS au capital de 10 000 000 \u20ac RCS Roubaix \u2013 Tourcoing 424 761 419 00045 Code APE 6202A N\u00b0 TVA : FR 22 424 761 419 Si\u00e8ge social : 2 rue Kellermann \u2013 59100 Roubaix \u2013 France Vos demandes commerciales : 08 20 32 03 63 Vos questions techniques : 08 99 70 17 61 Droits d\u2019auteur : La ferme du moulinet\u00a0informe les utilisateurs du site\u00a0www.fermedumoulinet.com\u00a0que toutes les informations ou documents ainsi que tous les \u00e9l\u00e9ments cr\u00e9\u00e9s pour le site sont la propri\u00e9t\u00e9 de la ferme. Ces \u00e9l\u00e9ments sont soumis \u00e0 la l\u00e9gislation prot\u00e9geant le droit d\u2019auteur. Par cons\u00e9quent, aucune licence, ni aucun autre droit sauf celui de consulter les informations, n\u2019est conf\u00e9r\u00e9 \u00e0 quiconque au regard des droits de la propri\u00e9t\u00e9 intellectuelle. Toute reproduction, repr\u00e9sentation, modification, publication, transmission, d\u00e9naturation totale ou partielle du site ou de son contenu, par quelque proc\u00e9d\u00e9 que ce soit, et sur quelque support que ce soit , est interdite, sauf autorisation expresse de son propri\u00e8taire. Toute exploitation non autoris\u00e9e du site ou de son contenu, ainsi que des informations qui y sont divulgu\u00e9es, engagerait la responsabilit\u00e9 de l\u2019utilisateur et constituerait une contrefa\u00e7on sanctionn\u00e9e par les articles L335-2 et suivants du Code de la propri\u00e9t\u00e9 intellectuelle. \u00c9tablissement de liens\u00a0: Le site www.fermedumoulinet.com\u00a0contient des liens hypertextes permettant l\u2019acc\u00e8s \u00e0 des sites qui ne sont pas \u00e9dit\u00e9s par la ferme. En cons\u00e9quence, cette derni\u00e8re ne saurait \u00eatre tenue pour responsable du contenu des sites, des liens qu\u2019ils contiennent, les changements ou mises \u00e0 jour qui leur sont apport\u00e9s auxquels l\u2019internaute aurait ainsi acc\u00e8s. Cr\u00e9dits photographiques : Personnel de la ferme du Moulinet.\" \/>\n<meta property=\"og:url\" content=\"https:\/\/fermedumoulinet.com\/index.php\/mentions-legales\/\" \/>\n<meta property=\"article:publisher\" content=\"https:\/\/www.facebook.com\/Ferme-du-Moulinet-453255748186140\/?fref=ts\" \/>\n<meta property=\"article:modified_time\" content=\"2016-03-03T10:59:54+00:00\" \/>\n<meta property=\"og:image\" content=\"https:\/\/fermedumoulinet.com\/wp-content\/uploads\/2016\/02\/carte-asterix.png\" \/>\n\t<meta property=\"og:image:width\" content=\"459\" \/>\n\t<meta property=\"og:image:height\" content=\"467\" \/>\n\t<meta property=\"og:image:type\" content=\"image\/png\" \/>\n<meta name=\"twitter:card\" content=\"summary_large_image\" \/>\n<meta name=\"twitter:label1\" content=\"Dur\u00e9e de lecture estim\u00e9e\" \/>\n\t<meta name=\"twitter:data1\" content=\"2 minutes\" \/>\n<script type=\"application\/ld+json\" class=\"yoast-schema-graph\">{\"@context\":\"https:\/\/schema.org\",\"@graph\":[{\"@type\":\"WebPage\",\"@id\":\"https:\/\/fermedumoulinet.com\/index.php\/mentions-legales\/\",\"url\":\"https:\/\/fermedumoulinet.com\/index.php\/mentions-legales\/\",\"name\":\"Mentions l\u00e9gales &bull;\",\"isPartOf\":{\"@id\":\"http:\/\/fermedumoulinet.com\/#website\"},\"datePublished\":\"2016-01-20T08:38:58+00:00\",\"dateModified\":\"2016-03-03T10:59:54+00:00\",\"breadcrumb\":{\"@id\":\"https:\/\/fermedumoulinet.com\/index.php\/mentions-legales\/#breadcrumb\"},\"inLanguage\":\"fr-FR\",\"potentialAction\":[{\"@type\":\"ReadAction\",\"target\":[\"https:\/\/fermedumoulinet.com\/index.php\/mentions-legales\/\"]}]},{\"@type\":\"BreadcrumbList\",\"@id\":\"https:\/\/fermedumoulinet.com\/index.php\/mentions-legales\/#breadcrumb\",\"itemListElement\":[{\"@type\":\"ListItem\",\"position\":1,\"name\":\"Accueil\",\"item\":\"http:\/\/fermedumoulinet.com\/\"},{\"@type\":\"ListItem\",\"position\":2,\"name\":\"Mentions l\u00e9gales\"}]},{\"@type\":\"WebSite\",\"@id\":\"http:\/\/fermedumoulinet.com\/#website\",\"url\":\"http:\/\/fermedumoulinet.com\/\",\"name\":\"\",\"description\":\"\",\"potentialAction\":[{\"@type\":\"SearchAction\",\"target\":{\"@type\":\"EntryPoint\",\"urlTemplate\":\"http:\/\/fermedumoulinet.com\/?s={search_term_string}\"},\"query-input\":\"required name=search_term_string\"}],\"inLanguage\":\"fr-FR\"}]}<\/script>\n<!-- \/ Yoast SEO plugin. -->","yoast_head_json":{"title":"Mentions l\u00e9gales &bull;","robots":{"index":"index","follow":"follow","max-snippet":"max-snippet:-1","max-image-preview":"max-image-preview:large","max-video-preview":"max-video-preview:-1"},"canonical":"https:\/\/fermedumoulinet.com\/index.php\/mentions-legales\/","og_locale":"fr_FR","og_type":"article","og_title":"Mentions l\u00e9gales &bull;","og_description":"Propri\u00e9taire du site Internet : G.A.E.C du Moulinet Ecoquen\u00e9auville 50480\u00a0SAINTE-MERE-EGLISE T\u00e9l :\u00a002 33 93 15 71 Courriel : fermedumoulinet@sfr.fr GAEC enregistr\u00e9 aupr\u00e8s du RCS de Cherbourg sous le num\u00e9ro 351 490 933 Capital social\u00a0: 152 449 \u20ac &nbsp; H\u00e9bergement : SAS au capital de 10 000 000 \u20ac RCS Roubaix \u2013 Tourcoing 424 761 419 00045 Code APE 6202A N\u00b0 TVA : FR 22 424 761 419 Si\u00e8ge social : 2 rue Kellermann \u2013 59100 Roubaix \u2013 France Vos demandes commerciales : 08 20 32 03 63 Vos questions techniques : 08 99 70 17 61 Droits d\u2019auteur : La ferme du moulinet\u00a0informe les utilisateurs du site\u00a0www.fermedumoulinet.com\u00a0que toutes les informations ou documents ainsi que tous les \u00e9l\u00e9ments cr\u00e9\u00e9s pour le site sont la propri\u00e9t\u00e9 de la ferme. Ces \u00e9l\u00e9ments sont soumis \u00e0 la l\u00e9gislation prot\u00e9geant le droit d\u2019auteur. Par cons\u00e9quent, aucune licence, ni aucun autre droit sauf celui de consulter les informations, n\u2019est conf\u00e9r\u00e9 \u00e0 quiconque au regard des droits de la propri\u00e9t\u00e9 intellectuelle. Toute reproduction, repr\u00e9sentation, modification, publication, transmission, d\u00e9naturation totale ou partielle du site ou de son contenu, par quelque proc\u00e9d\u00e9 que ce soit, et sur quelque support que ce soit , est interdite, sauf autorisation expresse de son propri\u00e8taire. Toute exploitation non autoris\u00e9e du site ou de son contenu, ainsi que des informations qui y sont divulgu\u00e9es, engagerait la responsabilit\u00e9 de l\u2019utilisateur et constituerait une contrefa\u00e7on sanctionn\u00e9e par les articles L335-2 et suivants du Code de la propri\u00e9t\u00e9 intellectuelle. \u00c9tablissement de liens\u00a0: Le site www.fermedumoulinet.com\u00a0contient des liens hypertextes permettant l\u2019acc\u00e8s \u00e0 des sites qui ne sont pas \u00e9dit\u00e9s par la ferme. En cons\u00e9quence, cette derni\u00e8re ne saurait \u00eatre tenue pour responsable du contenu des sites, des liens qu\u2019ils contiennent, les changements ou mises \u00e0 jour qui leur sont apport\u00e9s auxquels l\u2019internaute aurait ainsi acc\u00e8s. Cr\u00e9dits photographiques : Personnel de la ferme du Moulinet.","og_url":"https:\/\/fermedumoulinet.com\/index.php\/mentions-legales\/","article_publisher":"https:\/\/www.facebook.com\/Ferme-du-Moulinet-453255748186140\/?fref=ts","article_modified_time":"2016-03-03T10:59:54+00:00","og_image":[{"width":459,"height":467,"url":"https:\/\/fermedumoulinet.com\/wp-content\/uploads\/2016\/02\/carte-asterix.png","type":"image\/png"}],"twitter_card":"summary_large_image","twitter_misc":{"Dur\u00e9e de lecture estim\u00e9e":"2 minutes"},"schema":{"@context":"https:\/\/schema.org","@graph":[{"@type":"WebPage","@id":"https:\/\/fermedumoulinet.com\/index.php\/mentions-legales\/","url":"https:\/\/fermedumoulinet.com\/index.php\/mentions-legales\/","name":"Mentions l\u00e9gales &bull;","isPartOf":{"@id":"http:\/\/fermedumoulinet.com\/#website"},"datePublished":"2016-01-20T08:38:58+00:00","dateModified":"2016-03-03T10:59:54+00:00","breadcrumb":{"@id":"https:\/\/fermedumoulinet.com\/index.php\/mentions-legales\/#breadcrumb"},"inLanguage":"fr-FR","potentialAction":[{"@type":"ReadAction","target":["https:\/\/fermedumoulinet.com\/index.php\/mentions-legales\/"]}]},{"@type":"BreadcrumbList","@id":"https:\/\/fermedumoulinet.com\/index.php\/mentions-legales\/#breadcrumb","itemListElement":[{"@type":"ListItem","position":1,"name":"Accueil","item":"http:\/\/fermedumoulinet.com\/"},{"@type":"ListItem","position":2,"name":"Mentions l\u00e9gales"}]},{"@type":"WebSite","@id":"http:\/\/fermedumoulinet.com\/#website","url":"http:\/\/fermedumoulinet.com\/","name":"","description":"","potentialAction":[{"@type":"SearchAction","target":{"@type":"EntryPoint","urlTemplate":"http:\/\/fermedumoulinet.com\/?s={search_term_string}"},"query-input":"required name=search_term_string"}],"inLanguage":"fr-FR"}]}},"_links":{"self":[{"href":"https:\/\/fermedumoulinet.com\/index.php\/wp-json\/wp\/v2\/pages\/22"}],"collection":[{"href":"https:\/\/fermedumoulinet.com\/index.php\/wp-json\/wp\/v2\/pages"}],"about":[{"href":"https:\/\/fermedumoulinet.com\/index.php\/wp-json\/wp\/v2\/types\/page"}],"author":[{"embeddable":true,"href":"https:\/\/fermedumoulinet.com\/index.php\/wp-json\/wp\/v2\/users\/3"}],"replies":[{"embeddable":true,"href":"https:\/\/fermedumoulinet.com\/index.php\/wp-json\/wp\/v2\/comments?post=22"}],"version-history":[{"count":7,"href":"https:\/\/fermedumoulinet.com\/index.php\/wp-json\/wp\/v2\/pages\/22\/revisions"}],"predecessor-version":[{"id":153,"href":"https:\/\/fermedumoulinet.com\/index.php\/wp-json\/wp\/v2\/pages\/22\/revisions\/153"}],"wp:attachment":[{"href":"https:\/\/fermedumoulinet.com\/index.php\/wp-json\/wp\/v2\/media?parent=22"}],"curies":[{"name":"wp","href":"https:\/\/api.w.org\/{rel}","templated":true}]}}