{"id":18,"date":"2016-01-20T09:38:33","date_gmt":"2016-01-20T08:38:33","guid":{"rendered":"http:\/\/fermedumoulinet.com\/?page_id=18"},"modified":"2025-04-14T18:32:19","modified_gmt":"2025-04-14T17:32:19","slug":"actualites","status":"publish","type":"page","link":"https:\/\/fermedumoulinet.com\/index.php\/actualites\/","title":{"rendered":"Nos Actualit\u00e9s"},"content":{"rendered":"<p style=\"text-align: center;\">Septembre 2024 -&gt; <span style=\"color: #993300;\">Mise en route de notre nouvelle chambre froide<\/span>\u00a0: avec l&rsquo;aide de la R\u00e9gion Normandie et de l&rsquo;Union Europ\u00e9enne via le Feader, nous avons doubl\u00e9 la surface de notre chambre froide pour consolider notre d\u00e9veloppement.<\/p>\n<p><img decoding=\"async\" loading=\"lazy\" class=\"wp-image-361 size-thumbnail aligncenter\" src=\"http:\/\/fermedumoulinet.com\/wp-content\/uploads\/2025\/04\/logo_r.normandie-portrait-cmjn_0-150x150.jpg\" alt=\"\" width=\"150\" height=\"150\" srcset=\"https:\/\/fermedumoulinet.com\/wp-content\/uploads\/2025\/04\/logo_r.normandie-portrait-cmjn_0-150x150.jpg 150w, https:\/\/fermedumoulinet.com\/wp-content\/uploads\/2025\/04\/logo_r.normandie-portrait-cmjn_0-300x300.jpg 300w, https:\/\/fermedumoulinet.com\/wp-content\/uploads\/2025\/04\/logo_r.normandie-portrait-cmjn_0-75x75.jpg 75w\" sizes=\"(max-width: 150px) 100vw, 150px\" \/> <img decoding=\"async\" loading=\"lazy\" class=\"wp-image-362 size-thumbnail aligncenter\" src=\"http:\/\/fermedumoulinet.com\/wp-content\/uploads\/2025\/04\/logo-europe-150x150.jpg\" alt=\"\" width=\"150\" height=\"150\" srcset=\"https:\/\/fermedumoulinet.com\/wp-content\/uploads\/2025\/04\/logo-europe-150x150.jpg 150w, https:\/\/fermedumoulinet.com\/wp-content\/uploads\/2025\/04\/logo-europe-300x300.jpg 300w, https:\/\/fermedumoulinet.com\/wp-content\/uploads\/2025\/04\/logo-europe-75x75.jpg 75w\" sizes=\"(max-width: 150px) 100vw, 150px\" \/><\/p>\n<p style=\"text-align: center;\">F\u00e9vrier 2018\u00a0 -&gt; <a href=\"https:\/\/www.youtube.com\/watch?v=ocgOh2amsRc\" target=\"_blank\" rel=\"noopener\">Reportage France 3<\/a>: \u00e0 l&rsquo;occasion du Salon de l&rsquo;Agriculture, France 3 est venu nous rencontrer.<br \/>\nCliquer sur le lien en bleu pour ouvrir l&rsquo;article.<\/p>\n<p style=\"text-align: center;\"><a href=\"https:\/\/www.youtube.com\/watch?v=ocgOh2amsRc\"><img decoding=\"async\" loading=\"lazy\" class=\"article-image not-lazy aligncenter\" src=\"https:\/\/france3-regions.francetvinfo.fr\/image\/ELb_nmmec4TGmxOEKlBmPvbhTiQ\/600x400\/regions\/2020\/06\/09\/5edf49db2333d_ferme_moulinet_producteur_laitier_yaoughrt-00_02_11_08-3537583.jpg\" alt=\"\" width=\"179\" height=\"119\" \/><\/a><\/p>\n<p style=\"text-align: center;\">\n<p style=\"text-align: center;\">Mars 2016 -&gt;<a href=\"https:\/\/www.ouest-france.fr\/normandie\/les-yaourts-de-la-ferme-du-moulinet-en-or-4086112\" target=\"_blank\" rel=\"noopener\"> Les yaourts de la Ferme du Moulinet en or <\/a>: un article de la Presse de la Manche.<br \/>\nCliquer sur le lien en bleu pour ouvrir l&rsquo;article.<\/p>\n<p style=\"text-align: center;\"><a href=\"https:\/\/www.ouest-france.fr\/normandie\/les-yaourts-de-la-ferme-du-moulinet-en-or-4086112\"><img decoding=\"async\" loading=\"lazy\" class=\"media lazyload loaded aligncenter\" src=\"https:\/\/media.ouest-france.fr\/v1\/pictures\/MjAxNjAzN2ExMDcxYzhiNjU1MDZiZjhjMTg4MzQyNzM3ZWNlYjQ?width=630&amp;focuspoint=50%2C25&amp;cropresize=1&amp;client_id=bpeditorial&amp;sign=4aaf7cc4dfd8b86c4980cfec3d622252e651b9308a601a24536b5f4be3a84e05\" alt=\"Une m\u00e9daille d'or qui r\u00e9compense le travail des deux fr\u00e8res. L'un exploite la ferme, l'autre transforme une partie du lait produit.\" width=\"163\" height=\"122\" data-ofmaxheight=\"\" \/><\/a><\/p>\n<p style=\"text-align: center;\">JANVIER 2016 -&gt;<a href=\"http:\/\/fermedumoulinet.com\/wp-content\/uploads\/2016\/02\/12573149_534178880093826_6066297281924412869_n.jpg\" target=\"_blank\" rel=\"noopener\">\u00a0Des produits laitiers \u00e0 la ferme du Moulinet<\/a> : un article de la Presse de la Manche.<br \/>\nCliquer sur le lien en bleu pour ouvrir l&rsquo;article.<\/p>\n<p style=\"text-align: center;\"><a href=\"http:\/\/fermedumoulinet.com\/wp-content\/uploads\/2016\/02\/12573149_534178880093826_6066297281924412869_n.jpg\"><img decoding=\"async\" loading=\"lazy\" class=\"aligncenter wp-image-85 size-thumbnail\" src=\"http:\/\/fermedumoulinet.com\/wp-content\/uploads\/2016\/02\/12573149_534178880093826_6066297281924412869_n-150x150.jpg\" alt=\"la presse de la manche janvier 2016\" width=\"150\" height=\"150\" \/><\/a><\/p>\n<p style=\"text-align: center;\">JUILLET 2015 -&gt;\u00a0<a href=\"http:\/\/www.agri-culture.fr\/article\/fete-tourisme\/vaches-en-fete-la-ferme-musee-du-cotentin\" target=\"_blank\" rel=\"noopener\">Nous \u00e9tions \u00e0 la 10e \u00e9dition de Vaches en f\u00eate \u00e0 la Ferme-mus\u00e9e du Cotenti<\/a>n.<br \/>\nCliquer sur le lien en bleu pour ouvrir l&rsquo;article.<\/p>\n<p style=\"text-align: center;\"><a href=\"http:\/\/www.agri-culture.fr\/article\/fete-tourisme\/vaches-en-fete-la-ferme-musee-du-cotentin\"><img decoding=\"async\" loading=\"lazy\" class=\"aligncenter wp-image-107 size-thumbnail\" src=\"http:\/\/fermedumoulinet.com\/wp-content\/uploads\/2016\/01\/vaches-en_fete_cotentin-150x150.jpg\" alt=\"vaches-en_fete_cotentin\" width=\"150\" height=\"150\" \/><\/a><\/p>\n<p style=\"text-align: center;\">FEVRIER 2014 -&gt;\u00a0<a href=\"http:\/\/www.tendanceouest.com\/actualite-68935-sia-2014-la-ferme-du-moulinet-fabrique-ses-yaourts.html\" target=\"_blank\" rel=\"noopener\">La ferme du Moulinet, fabrique ses yaourts<\/a> : un article \u00e0 voir sur le site de Tendance Ouest, radio ind\u00e9pendante de Normandie.<br \/>\nCliquer sur le lien en bleu pour ouvrir l&rsquo;article.<\/p>\n<p style=\"text-align: center;\">MARS\/ AVRIL 2013 -&gt;<a href=\"http:\/\/fermedumoulinet.com\/wp-content\/uploads\/2016\/02\/manche-mag.png\" target=\"_blank\" rel=\"noopener\"> Diversification laiti\u00e8re <\/a>: un article de Manche Mag n\u00b036.<br \/>\nCliquer sur le lien en bleu pour ouvrir l&rsquo;article.<\/p>\n<p style=\"text-align: center;\"><a href=\"http:\/\/fermedumoulinet.com\/wp-content\/uploads\/2016\/02\/manche-mag.png\"><img decoding=\"async\" loading=\"lazy\" class=\"aligncenter wp-image-82 size-thumbnail\" src=\"http:\/\/fermedumoulinet.com\/wp-content\/uploads\/2016\/02\/manche-mag-150x150.png\" alt=\"manche mag\" width=\"150\" height=\"150\" \/><\/a><\/p>\n","protected":false},"excerpt":{"rendered":"<p>Septembre 2024 -&gt; Mise en route de notre nouvelle chambre froide\u00a0: avec l&rsquo;aide de la R\u00e9gion Normandie et de l&rsquo;Union Europ\u00e9enne via le Feader, nous avons doubl\u00e9 la surface de notre chambre froide pour consolider notre d\u00e9veloppement. F\u00e9vrier 2018\u00a0 -&gt; Reportage France 3: \u00e0 l&rsquo;occasion du Salon de l&rsquo;Agriculture, France 3 est venu nous rencontrer. Cliquer sur le lien en bleu pour ouvrir l&rsquo;article. Mars 2016 -&gt; Les yaourts de la Ferme du Moulinet en or : un article de la Presse de la Manche. Cliquer sur le lien en bleu pour ouvrir l&rsquo;article. JANVIER 2016 -&gt;\u00a0Des produits laitiers \u00e0 la ferme du Moulinet : un article de la Presse de la Manche. Cliquer sur le lien en bleu pour ouvrir l&rsquo;article. JUILLET 2015 -&gt;\u00a0Nous \u00e9tions \u00e0 la 10e \u00e9dition de Vaches en f\u00eate \u00e0 la Ferme-mus\u00e9e du Cotentin. Cliquer sur le lien en bleu pour ouvrir l&rsquo;article. FEVRIER 2014 -&gt;\u00a0La ferme du Moulinet, fabrique ses yaourts : un article \u00e0 voir sur le site de Tendance Ouest, radio ind\u00e9pendante de Normandie. Cliquer sur le lien en bleu pour ouvrir l&rsquo;article. MARS\/ AVRIL 2013 -&gt; Diversification laiti\u00e8re : un article de Manche Mag n\u00b036. Cliquer sur le lien en bleu pour ouvrir l&rsquo;article.<\/p>\n","protected":false},"author":3,"featured_media":0,"parent":0,"menu_order":0,"comment_status":"closed","ping_status":"closed","template":"","meta":{"_mi_skip_tracking":false},"yoast_head":"<!-- This site is optimized with the Yoast SEO plugin v20.0 - https:\/\/yoast.com\/wordpress\/plugins\/seo\/ -->\n<title>Nos Actualit\u00e9s &bull;<\/title>\n<meta name=\"robots\" content=\"index, follow, max-snippet:-1, max-image-preview:large, max-video-preview:-1\" \/>\n<link rel=\"canonical\" href=\"http:\/\/fermedumoulinet.com\/index.php\/actualites\/\" \/>\n<meta property=\"og:locale\" content=\"fr_FR\" \/>\n<meta property=\"og:type\" content=\"article\" \/>\n<meta property=\"og:title\" content=\"Nos Actualit\u00e9s &bull;\" \/>\n<meta property=\"og:description\" content=\"Septembre 2024 -&gt; Mise en route de notre nouvelle chambre froide\u00a0: avec l&rsquo;aide de la R\u00e9gion Normandie et de l&rsquo;Union Europ\u00e9enne via le Feader, nous avons doubl\u00e9 la surface de notre chambre froide pour consolider notre d\u00e9veloppement. F\u00e9vrier 2018\u00a0 -&gt; Reportage France 3: \u00e0 l&rsquo;occasion du Salon de l&rsquo;Agriculture, France 3 est venu nous rencontrer. Cliquer sur le lien en bleu pour ouvrir l&rsquo;article. Mars 2016 -&gt; Les yaourts de la Ferme du Moulinet en or : un article de la Presse de la Manche. Cliquer sur le lien en bleu pour ouvrir l&rsquo;article. JANVIER 2016 -&gt;\u00a0Des produits laitiers \u00e0 la ferme du Moulinet : un article de la Presse de la Manche. Cliquer sur le lien en bleu pour ouvrir l&rsquo;article. JUILLET 2015 -&gt;\u00a0Nous \u00e9tions \u00e0 la 10e \u00e9dition de Vaches en f\u00eate \u00e0 la Ferme-mus\u00e9e du Cotentin. Cliquer sur le lien en bleu pour ouvrir l&rsquo;article. FEVRIER 2014 -&gt;\u00a0La ferme du Moulinet, fabrique ses yaourts : un article \u00e0 voir sur le site de Tendance Ouest, radio ind\u00e9pendante de Normandie. Cliquer sur le lien en bleu pour ouvrir l&rsquo;article. MARS\/ AVRIL 2013 -&gt; Diversification laiti\u00e8re : un article de Manche Mag n\u00b036. Cliquer sur le lien en bleu pour ouvrir l&rsquo;article.\" \/>\n<meta property=\"og:url\" content=\"http:\/\/fermedumoulinet.com\/index.php\/actualites\/\" \/>\n<meta property=\"article:publisher\" content=\"https:\/\/www.facebook.com\/Ferme-du-Moulinet-453255748186140\/?fref=ts\" \/>\n<meta property=\"article:modified_time\" content=\"2025-04-14T17:32:19+00:00\" \/>\n<meta property=\"og:image\" content=\"http:\/\/fermedumoulinet.com\/wp-content\/uploads\/2025\/04\/logo_r.normandie-portrait-cmjn_0-150x150.jpg\" \/>\n<meta name=\"twitter:card\" content=\"summary_large_image\" \/>\n<meta name=\"twitter:label1\" content=\"Dur\u00e9e de lecture estim\u00e9e\" \/>\n\t<meta name=\"twitter:data1\" content=\"3 minutes\" \/>\n<script type=\"application\/ld+json\" class=\"yoast-schema-graph\">{\"@context\":\"https:\/\/schema.org\",\"@graph\":[{\"@type\":\"WebPage\",\"@id\":\"http:\/\/fermedumoulinet.com\/index.php\/actualites\/\",\"url\":\"http:\/\/fermedumoulinet.com\/index.php\/actualites\/\",\"name\":\"Nos Actualit\u00e9s &bull;\",\"isPartOf\":{\"@id\":\"http:\/\/fermedumoulinet.com\/#website\"},\"datePublished\":\"2016-01-20T08:38:33+00:00\",\"dateModified\":\"2025-04-14T17:32:19+00:00\",\"breadcrumb\":{\"@id\":\"http:\/\/fermedumoulinet.com\/index.php\/actualites\/#breadcrumb\"},\"inLanguage\":\"fr-FR\",\"potentialAction\":[{\"@type\":\"ReadAction\",\"target\":[\"http:\/\/fermedumoulinet.com\/index.php\/actualites\/\"]}]},{\"@type\":\"BreadcrumbList\",\"@id\":\"http:\/\/fermedumoulinet.com\/index.php\/actualites\/#breadcrumb\",\"itemListElement\":[{\"@type\":\"ListItem\",\"position\":1,\"name\":\"Accueil\",\"item\":\"http:\/\/fermedumoulinet.com\/\"},{\"@type\":\"ListItem\",\"position\":2,\"name\":\"Nos Actualit\u00e9s\"}]},{\"@type\":\"WebSite\",\"@id\":\"http:\/\/fermedumoulinet.com\/#website\",\"url\":\"http:\/\/fermedumoulinet.com\/\",\"name\":\"\",\"description\":\"\",\"potentialAction\":[{\"@type\":\"SearchAction\",\"target\":{\"@type\":\"EntryPoint\",\"urlTemplate\":\"http:\/\/fermedumoulinet.com\/?s={search_term_string}\"},\"query-input\":\"required name=search_term_string\"}],\"inLanguage\":\"fr-FR\"}]}<\/script>\n<!-- \/ Yoast SEO plugin. -->","yoast_head_json":{"title":"Nos Actualit\u00e9s &bull;","robots":{"index":"index","follow":"follow","max-snippet":"max-snippet:-1","max-image-preview":"max-image-preview:large","max-video-preview":"max-video-preview:-1"},"canonical":"http:\/\/fermedumoulinet.com\/index.php\/actualites\/","og_locale":"fr_FR","og_type":"article","og_title":"Nos Actualit\u00e9s &bull;","og_description":"Septembre 2024 -&gt; Mise en route de notre nouvelle chambre froide\u00a0: avec l&rsquo;aide de la R\u00e9gion Normandie et de l&rsquo;Union Europ\u00e9enne via le Feader, nous avons doubl\u00e9 la surface de notre chambre froide pour consolider notre d\u00e9veloppement. F\u00e9vrier 2018\u00a0 -&gt; Reportage France 3: \u00e0 l&rsquo;occasion du Salon de l&rsquo;Agriculture, France 3 est venu nous rencontrer. Cliquer sur le lien en bleu pour ouvrir l&rsquo;article. Mars 2016 -&gt; Les yaourts de la Ferme du Moulinet en or : un article de la Presse de la Manche. Cliquer sur le lien en bleu pour ouvrir l&rsquo;article. JANVIER 2016 -&gt;\u00a0Des produits laitiers \u00e0 la ferme du Moulinet : un article de la Presse de la Manche. Cliquer sur le lien en bleu pour ouvrir l&rsquo;article. JUILLET 2015 -&gt;\u00a0Nous \u00e9tions \u00e0 la 10e \u00e9dition de Vaches en f\u00eate \u00e0 la Ferme-mus\u00e9e du Cotentin. Cliquer sur le lien en bleu pour ouvrir l&rsquo;article. FEVRIER 2014 -&gt;\u00a0La ferme du Moulinet, fabrique ses yaourts : un article \u00e0 voir sur le site de Tendance Ouest, radio ind\u00e9pendante de Normandie. Cliquer sur le lien en bleu pour ouvrir l&rsquo;article. MARS\/ AVRIL 2013 -&gt; Diversification laiti\u00e8re : un article de Manche Mag n\u00b036. Cliquer sur le lien en bleu pour ouvrir l&rsquo;article.","og_url":"http:\/\/fermedumoulinet.com\/index.php\/actualites\/","article_publisher":"https:\/\/www.facebook.com\/Ferme-du-Moulinet-453255748186140\/?fref=ts","article_modified_time":"2025-04-14T17:32:19+00:00","og_image":[{"url":"http:\/\/fermedumoulinet.com\/wp-content\/uploads\/2025\/04\/logo_r.normandie-portrait-cmjn_0-150x150.jpg"}],"twitter_card":"summary_large_image","twitter_misc":{"Dur\u00e9e de lecture estim\u00e9e":"3 minutes"},"schema":{"@context":"https:\/\/schema.org","@graph":[{"@type":"WebPage","@id":"http:\/\/fermedumoulinet.com\/index.php\/actualites\/","url":"http:\/\/fermedumoulinet.com\/index.php\/actualites\/","name":"Nos Actualit\u00e9s &bull;","isPartOf":{"@id":"http:\/\/fermedumoulinet.com\/#website"},"datePublished":"2016-01-20T08:38:33+00:00","dateModified":"2025-04-14T17:32:19+00:00","breadcrumb":{"@id":"http:\/\/fermedumoulinet.com\/index.php\/actualites\/#breadcrumb"},"inLanguage":"fr-FR","potentialAction":[{"@type":"ReadAction","target":["http:\/\/fermedumoulinet.com\/index.php\/actualites\/"]}]},{"@type":"BreadcrumbList","@id":"http:\/\/fermedumoulinet.com\/index.php\/actualites\/#breadcrumb","itemListElement":[{"@type":"ListItem","position":1,"name":"Accueil","item":"http:\/\/fermedumoulinet.com\/"},{"@type":"ListItem","position":2,"name":"Nos Actualit\u00e9s"}]},{"@type":"WebSite","@id":"http:\/\/fermedumoulinet.com\/#website","url":"http:\/\/fermedumoulinet.com\/","name":"","description":"","potentialAction":[{"@type":"SearchAction","target":{"@type":"EntryPoint","urlTemplate":"http:\/\/fermedumoulinet.com\/?s={search_term_string}"},"query-input":"required name=search_term_string"}],"inLanguage":"fr-FR"}]}},"_links":{"self":[{"href":"https:\/\/fermedumoulinet.com\/index.php\/wp-json\/wp\/v2\/pages\/18"}],"collection":[{"href":"https:\/\/fermedumoulinet.com\/index.php\/wp-json\/wp\/v2\/pages"}],"about":[{"href":"https:\/\/fermedumoulinet.com\/index.php\/wp-json\/wp\/v2\/types\/page"}],"author":[{"embeddable":true,"href":"https:\/\/fermedumoulinet.com\/index.php\/wp-json\/wp\/v2\/users\/3"}],"replies":[{"embeddable":true,"href":"https:\/\/fermedumoulinet.com\/index.php\/wp-json\/wp\/v2\/comments?post=18"}],"version-history":[{"count":29,"href":"https:\/\/fermedumoulinet.com\/index.php\/wp-json\/wp\/v2\/pages\/18\/revisions"}],"predecessor-version":[{"id":381,"href":"https:\/\/fermedumoulinet.com\/index.php\/wp-json\/wp\/v2\/pages\/18\/revisions\/381"}],"wp:attachment":[{"href":"https:\/\/fermedumoulinet.com\/index.php\/wp-json\/wp\/v2\/media?parent=18"}],"curies":[{"name":"wp","href":"https:\/\/api.w.org\/{rel}","templated":true}]}}