{"id":14,"date":"2016-01-20T09:37:59","date_gmt":"2016-01-20T08:37:59","guid":{"rendered":"http:\/\/fermedumoulinet.com\/?page_id=14"},"modified":"2016-04-14T17:18:17","modified_gmt":"2016-04-14T16:18:17","slug":"contact-et-acces","status":"publish","type":"page","link":"https:\/\/fermedumoulinet.com\/index.php\/contact-et-acces\/","title":{"rendered":"Contact et Acc\u00e8s"},"content":{"rendered":"<div class=\"row-container page_1\">\n<div class=\"row-content\">\n<div class=\"row\">\n<div class=\"column\">\n<div class=\"column-content\">\n<div class=\"clearfix\">\n<p style=\"text-align: left;\" align=\"center\">Vous avez besoin d\u2019une information ?<br \/>\nVous souhaitez nous parler d\u2019un de nos produits ?<\/p>\n<p style=\"text-align: left;\" align=\"center\">N\u2019h\u00e9sitez pas \u00e0 nous contacter, nous aurons plaisir \u00e0 vous r\u00e9pondre !<\/p>\n<p style=\"text-align: left;\" align=\"center\">Voici nos coordonn\u00e9es :<\/p>\n<\/div>\n<\/div>\n<\/div>\n<\/div>\n<\/div>\n<\/div>\n<p style=\"text-align: center;\">GAEC du Moulinet<br \/>\n\u00c9coquen\u00e9auville<br \/>\n50480 SAINTE-M\u00c8RE-\u00c9GLISE<br \/>\nT\u00e9l : 02-33-93-15-71<br \/>\nMail : fermedumoulinet@sfr.fr<\/p>\n<p>&nbsp;<\/p>\n","protected":false},"excerpt":{"rendered":"<p>Vous avez besoin d\u2019une information ? Vous souhaitez nous parler d\u2019un de nos produits ? N\u2019h\u00e9sitez pas \u00e0 nous contacter, nous aurons plaisir \u00e0 vous r\u00e9pondre ! Voici nos coordonn\u00e9es : GAEC du Moulinet \u00c9coquen\u00e9auville 50480 SAINTE-M\u00c8RE-\u00c9GLISE T\u00e9l : 02-33-93-15-71 Mail : fermedumoulinet@sfr.fr &nbsp;<\/p>\n","protected":false},"author":3,"featured_media":0,"parent":0,"menu_order":0,"comment_status":"closed","ping_status":"closed","template":"","meta":{"_mi_skip_tracking":false},"yoast_head":"<!-- This site is optimized with the Yoast SEO plugin v20.0 - https:\/\/yoast.com\/wordpress\/plugins\/seo\/ -->\n<title>Contact et Acc\u00e8s &bull;<\/title>\n<meta name=\"robots\" content=\"index, follow, max-snippet:-1, max-image-preview:large, max-video-preview:-1\" \/>\n<link rel=\"canonical\" href=\"http:\/\/fermedumoulinet.com\/index.php\/contact-et-acces\/\" \/>\n<meta property=\"og:locale\" content=\"fr_FR\" \/>\n<meta property=\"og:type\" content=\"article\" \/>\n<meta property=\"og:title\" content=\"Contact et Acc\u00e8s &bull;\" \/>\n<meta property=\"og:description\" content=\"Vous avez besoin d\u2019une information ? Vous souhaitez nous parler d\u2019un de nos produits ? N\u2019h\u00e9sitez pas \u00e0 nous contacter, nous aurons plaisir \u00e0 vous r\u00e9pondre ! Voici nos coordonn\u00e9es : GAEC du Moulinet \u00c9coquen\u00e9auville 50480 SAINTE-M\u00c8RE-\u00c9GLISE T\u00e9l : 02-33-93-15-71 Mail : fermedumoulinet@sfr.fr &nbsp;\" \/>\n<meta property=\"og:url\" content=\"http:\/\/fermedumoulinet.com\/index.php\/contact-et-acces\/\" \/>\n<meta property=\"article:publisher\" content=\"https:\/\/www.facebook.com\/Ferme-du-Moulinet-453255748186140\/?fref=ts\" \/>\n<meta property=\"article:modified_time\" content=\"2016-04-14T16:18:17+00:00\" \/>\n<meta property=\"og:image\" content=\"https:\/\/fermedumoulinet.com\/wp-content\/uploads\/2016\/02\/carte-asterix.png\" \/>\n\t<meta property=\"og:image:width\" content=\"459\" \/>\n\t<meta property=\"og:image:height\" content=\"467\" \/>\n\t<meta property=\"og:image:type\" content=\"image\/png\" \/>\n<meta name=\"twitter:card\" content=\"summary_large_image\" \/>\n<script type=\"application\/ld+json\" class=\"yoast-schema-graph\">{\"@context\":\"https:\/\/schema.org\",\"@graph\":[{\"@type\":\"WebPage\",\"@id\":\"http:\/\/fermedumoulinet.com\/index.php\/contact-et-acces\/\",\"url\":\"http:\/\/fermedumoulinet.com\/index.php\/contact-et-acces\/\",\"name\":\"Contact et Acc\u00e8s &bull;\",\"isPartOf\":{\"@id\":\"http:\/\/fermedumoulinet.com\/#website\"},\"datePublished\":\"2016-01-20T08:37:59+00:00\",\"dateModified\":\"2016-04-14T16:18:17+00:00\",\"breadcrumb\":{\"@id\":\"http:\/\/fermedumoulinet.com\/index.php\/contact-et-acces\/#breadcrumb\"},\"inLanguage\":\"fr-FR\",\"potentialAction\":[{\"@type\":\"ReadAction\",\"target\":[\"http:\/\/fermedumoulinet.com\/index.php\/contact-et-acces\/\"]}]},{\"@type\":\"BreadcrumbList\",\"@id\":\"http:\/\/fermedumoulinet.com\/index.php\/contact-et-acces\/#breadcrumb\",\"itemListElement\":[{\"@type\":\"ListItem\",\"position\":1,\"name\":\"Accueil\",\"item\":\"http:\/\/fermedumoulinet.com\/\"},{\"@type\":\"ListItem\",\"position\":2,\"name\":\"Contact et Acc\u00e8s\"}]},{\"@type\":\"WebSite\",\"@id\":\"http:\/\/fermedumoulinet.com\/#website\",\"url\":\"http:\/\/fermedumoulinet.com\/\",\"name\":\"\",\"description\":\"\",\"potentialAction\":[{\"@type\":\"SearchAction\",\"target\":{\"@type\":\"EntryPoint\",\"urlTemplate\":\"http:\/\/fermedumoulinet.com\/?s={search_term_string}\"},\"query-input\":\"required name=search_term_string\"}],\"inLanguage\":\"fr-FR\"}]}<\/script>\n<!-- \/ Yoast SEO plugin. -->","yoast_head_json":{"title":"Contact et Acc\u00e8s &bull;","robots":{"index":"index","follow":"follow","max-snippet":"max-snippet:-1","max-image-preview":"max-image-preview:large","max-video-preview":"max-video-preview:-1"},"canonical":"http:\/\/fermedumoulinet.com\/index.php\/contact-et-acces\/","og_locale":"fr_FR","og_type":"article","og_title":"Contact et Acc\u00e8s &bull;","og_description":"Vous avez besoin d\u2019une information ? Vous souhaitez nous parler d\u2019un de nos produits ? N\u2019h\u00e9sitez pas \u00e0 nous contacter, nous aurons plaisir \u00e0 vous r\u00e9pondre ! Voici nos coordonn\u00e9es : GAEC du Moulinet \u00c9coquen\u00e9auville 50480 SAINTE-M\u00c8RE-\u00c9GLISE T\u00e9l : 02-33-93-15-71 Mail : fermedumoulinet@sfr.fr &nbsp;","og_url":"http:\/\/fermedumoulinet.com\/index.php\/contact-et-acces\/","article_publisher":"https:\/\/www.facebook.com\/Ferme-du-Moulinet-453255748186140\/?fref=ts","article_modified_time":"2016-04-14T16:18:17+00:00","og_image":[{"width":459,"height":467,"url":"https:\/\/fermedumoulinet.com\/wp-content\/uploads\/2016\/02\/carte-asterix.png","type":"image\/png"}],"twitter_card":"summary_large_image","schema":{"@context":"https:\/\/schema.org","@graph":[{"@type":"WebPage","@id":"http:\/\/fermedumoulinet.com\/index.php\/contact-et-acces\/","url":"http:\/\/fermedumoulinet.com\/index.php\/contact-et-acces\/","name":"Contact et Acc\u00e8s &bull;","isPartOf":{"@id":"http:\/\/fermedumoulinet.com\/#website"},"datePublished":"2016-01-20T08:37:59+00:00","dateModified":"2016-04-14T16:18:17+00:00","breadcrumb":{"@id":"http:\/\/fermedumoulinet.com\/index.php\/contact-et-acces\/#breadcrumb"},"inLanguage":"fr-FR","potentialAction":[{"@type":"ReadAction","target":["http:\/\/fermedumoulinet.com\/index.php\/contact-et-acces\/"]}]},{"@type":"BreadcrumbList","@id":"http:\/\/fermedumoulinet.com\/index.php\/contact-et-acces\/#breadcrumb","itemListElement":[{"@type":"ListItem","position":1,"name":"Accueil","item":"http:\/\/fermedumoulinet.com\/"},{"@type":"ListItem","position":2,"name":"Contact et Acc\u00e8s"}]},{"@type":"WebSite","@id":"http:\/\/fermedumoulinet.com\/#website","url":"http:\/\/fermedumoulinet.com\/","name":"","description":"","potentialAction":[{"@type":"SearchAction","target":{"@type":"EntryPoint","urlTemplate":"http:\/\/fermedumoulinet.com\/?s={search_term_string}"},"query-input":"required name=search_term_string"}],"inLanguage":"fr-FR"}]}},"_links":{"self":[{"href":"https:\/\/fermedumoulinet.com\/index.php\/wp-json\/wp\/v2\/pages\/14"}],"collection":[{"href":"https:\/\/fermedumoulinet.com\/index.php\/wp-json\/wp\/v2\/pages"}],"about":[{"href":"https:\/\/fermedumoulinet.com\/index.php\/wp-json\/wp\/v2\/types\/page"}],"author":[{"embeddable":true,"href":"https:\/\/fermedumoulinet.com\/index.php\/wp-json\/wp\/v2\/users\/3"}],"replies":[{"embeddable":true,"href":"https:\/\/fermedumoulinet.com\/index.php\/wp-json\/wp\/v2\/comments?post=14"}],"version-history":[{"count":9,"href":"https:\/\/fermedumoulinet.com\/index.php\/wp-json\/wp\/v2\/pages\/14\/revisions"}],"predecessor-version":[{"id":162,"href":"https:\/\/fermedumoulinet.com\/index.php\/wp-json\/wp\/v2\/pages\/14\/revisions\/162"}],"wp:attachment":[{"href":"https:\/\/fermedumoulinet.com\/index.php\/wp-json\/wp\/v2\/media?parent=14"}],"curies":[{"name":"wp","href":"https:\/\/api.w.org\/{rel}","templated":true}]}}