{"id":10,"date":"2016-01-20T09:37:26","date_gmt":"2016-01-20T08:37:26","guid":{"rendered":"http:\/\/fermedumoulinet.com\/?page_id=10"},"modified":"2024-01-08T15:18:46","modified_gmt":"2024-01-08T14:18:46","slug":"nos-produits-laitiers","status":"publish","type":"page","link":"http:\/\/fermedumoulinet.com\/index.php\/nos-produits-laitiers\/","title":{"rendered":"Nos Produits Laitiers"},"content":{"rendered":"<figure id=\"attachment_103\" aria-describedby=\"caption-attachment-103\" style=\"width: 300px\" class=\"wp-caption alignright\"><img decoding=\"async\" loading=\"lazy\" class=\"size-medium wp-image-103\" src=\"http:\/\/fermedumoulinet.com\/wp-content\/uploads\/2016\/02\/produitslaitiers-300x225.jpg\" alt=\"Yaourts et fromages blancs de la Ferme du Moulinet\" width=\"300\" height=\"225\" srcset=\"http:\/\/fermedumoulinet.com\/wp-content\/uploads\/2016\/02\/produitslaitiers-300x225.jpg 300w, http:\/\/fermedumoulinet.com\/wp-content\/uploads\/2016\/02\/produitslaitiers.jpg 600w\" sizes=\"(max-width: 300px) 100vw, 300px\" \/><figcaption id=\"caption-attachment-103\" class=\"wp-caption-text\">Yaourts et fromages blancs de la Ferme du Moulinet<\/figcaption><\/figure>\n<p>Depuis 2013, nous fabriquons nos yaourts \u00e0 la Ferme du Moulinet. Nous utilisons exclusivement le bon lait de nos vaches pour apporter le meilleur du terroir \u00e0 nos savoureux produits. Il y en a pour tous les go\u00fbts!<\/p>\n<p>Notre gamme de yaourts satisfait tous les plaisirs : yaourt nature, sucr\u00e9, parfum citron ou aux ar\u00f4mes naturels de vanille\u2026 A moins que vous n\u2019optiez pour les d\u00e9licieux yaourts sur lit de confiture de fraise, d\u2019abricot ou de framboise?<\/p>\n<p>Et ce n\u2019est pas tout! Venez aussi d\u00e9guster nos fameux fromages blancs, campagnards ou liss\u00e9s!<\/p>\n<p>Des produits 100% Vrai, 100% Bon, car toujours \u00e9labor\u00e9s \u00e0 partir d\u2019ingr\u00e9dients simples et savoureux, issus d\u2019un terroir riche en go\u00fbt. Pour conserver toutes ses saveurs et sa qualit\u00e9, le lait de nos vaches est directement transform\u00e9 en yaourts et fromages blancs \u00e0 la Ferme du Moulinet.<\/p>\n<p style=\"text-align: center;\">Alors, quel sera votre pr\u00e9f\u00e9r\u00e9 ?<\/p>\n\n\t\t\t<style>\r\n                #foogallery-gallery-228.fg-simple_portfolio {\r\n                    justify-content: center;\r\n                }\r\n                #foogallery-gallery-228.fg-simple_portfolio .fg-item {\r\n                    flex-basis: 250px;\r\n                    margin: 40px;\r\n                }\r\n\t\t\t<\/style>\r\n\t\t\t<div class=\"foogallery foogallery-container foogallery-simple_portfolio foogallery-lightbox-foobox fg-simple_portfolio fg-dark fg-border-thin fg-shadow-outline fg-loading-default fg-loaded-fade-in fg-caption-always fg-hover-fade fg-hover-zoom fg-ready fg-caption-always\" id=\"foogallery-gallery-228\" data-foogallery=\"{&quot;item&quot;:{&quot;showCaptionTitle&quot;:true,&quot;showCaptionDescription&quot;:true},&quot;lazy&quot;:true}\" >\r\n\t<div class=\"fg-item fg-type-image fg-idle\"><figure class=\"fg-item-inner\"><a href=\"http:\/\/fermedumoulinet.com\/wp-content\/uploads\/2016\/01\/Vanille-20.png\" data-caption-title=\"Yaourt \u00e0 la Vanille\" data-attachment-id=\"213\" class=\"foogallery-thumb  fg-thumb\"><span class=\"fg-image-wrap\"><img decoding=\"async\" title=\"Yaourt \u00e0 la Vanille\" class=\"bf-img skip-lazy fg-image\" height=\"200\" width=\"250\" data-src-fg=\"http:\/\/fermedumoulinet.com\/wp-content\/uploads\/cache\/2016\/01\/Vanille-20\/2098088747.png\" src=\"data:image\/svg+xml,%3Csvg%20xmlns%3D%22http%3A%2F%2Fwww.w3.org%2F2000%2Fsvg%22%20width%3D%22250%22%20height%3D%22200%22%20viewBox%3D%220%200%20250%20200%22%3E%3C%2Fsvg%3E\" loading=\"eager\"><\/span><span class=\"fg-image-overlay\"><\/span><\/a><figcaption class=\"fg-caption\"><div class=\"fg-caption-inner\"><div class=\"fg-caption-title\">Yaourt \u00e0 la Vanille<\/div><\/div><\/figcaption><\/figure><div class=\"fg-loader\"><\/div><\/div><div class=\"fg-item fg-type-image fg-idle\"><figure class=\"fg-item-inner\"><a href=\"http:\/\/fermedumoulinet.com\/wp-content\/uploads\/2016\/01\/Nature-20.png\" data-caption-title=\"Yaourt Nature\" data-attachment-id=\"212\" class=\"foogallery-thumb  fg-thumb\"><span class=\"fg-image-wrap\"><img decoding=\"async\" title=\"Yaourt Nature\" class=\"bf-img skip-lazy fg-image\" height=\"200\" width=\"250\" data-src-fg=\"http:\/\/fermedumoulinet.com\/wp-content\/uploads\/cache\/2016\/01\/Nature-20\/-1722059893.png\" src=\"data:image\/svg+xml,%3Csvg%20xmlns%3D%22http%3A%2F%2Fwww.w3.org%2F2000%2Fsvg%22%20width%3D%22250%22%20height%3D%22200%22%20viewBox%3D%220%200%20250%20200%22%3E%3C%2Fsvg%3E\" loading=\"eager\"><\/span><span class=\"fg-image-overlay\"><\/span><\/a><figcaption class=\"fg-caption\"><div class=\"fg-caption-inner\"><div class=\"fg-caption-title\">Yaourt Nature<\/div><\/div><\/figcaption><\/figure><div class=\"fg-loader\"><\/div><\/div><div class=\"fg-item fg-type-image fg-idle\"><figure class=\"fg-item-inner\"><a href=\"http:\/\/fermedumoulinet.com\/wp-content\/uploads\/2016\/01\/Myrtille-20.png\" data-caption-title=\"Yaourt \u00e0 la Myrtille\" data-attachment-id=\"211\" class=\"foogallery-thumb  fg-thumb\"><span class=\"fg-image-wrap\"><img decoding=\"async\" title=\"Yaourt \u00e0 la Myrtille\" class=\"bf-img skip-lazy fg-image\" height=\"200\" width=\"250\" data-src-fg=\"http:\/\/fermedumoulinet.com\/wp-content\/uploads\/cache\/2016\/01\/Myrtille-20\/-75388181.png\" src=\"data:image\/svg+xml,%3Csvg%20xmlns%3D%22http%3A%2F%2Fwww.w3.org%2F2000%2Fsvg%22%20width%3D%22250%22%20height%3D%22200%22%20viewBox%3D%220%200%20250%20200%22%3E%3C%2Fsvg%3E\" loading=\"eager\"><\/span><span class=\"fg-image-overlay\"><\/span><\/a><figcaption class=\"fg-caption\"><div class=\"fg-caption-inner\"><div class=\"fg-caption-title\">Yaourt \u00e0 la Myrtille<\/div><\/div><\/figcaption><\/figure><div class=\"fg-loader\"><\/div><\/div><div class=\"fg-item fg-type-image fg-idle\"><figure class=\"fg-item-inner\"><a href=\"http:\/\/fermedumoulinet.com\/wp-content\/uploads\/2016\/01\/Framboise-20.png\" data-caption-title=\"Yaourt \u00e0 la Framboise\" data-attachment-id=\"210\" class=\"foogallery-thumb  fg-thumb\"><span class=\"fg-image-wrap\"><img decoding=\"async\" title=\"Yaourt \u00e0 la Framboise\" class=\"bf-img skip-lazy fg-image\" height=\"200\" width=\"250\" data-src-fg=\"http:\/\/fermedumoulinet.com\/wp-content\/uploads\/cache\/2016\/01\/Framboise-20\/-1988650580.png\" src=\"data:image\/svg+xml,%3Csvg%20xmlns%3D%22http%3A%2F%2Fwww.w3.org%2F2000%2Fsvg%22%20width%3D%22250%22%20height%3D%22200%22%20viewBox%3D%220%200%20250%20200%22%3E%3C%2Fsvg%3E\" loading=\"eager\"><\/span><span class=\"fg-image-overlay\"><\/span><\/a><figcaption class=\"fg-caption\"><div class=\"fg-caption-inner\"><div class=\"fg-caption-title\">Yaourt \u00e0 la Framboise<\/div><\/div><\/figcaption><\/figure><div class=\"fg-loader\"><\/div><\/div><div class=\"fg-item fg-type-image fg-idle\"><figure class=\"fg-item-inner\"><a href=\"http:\/\/fermedumoulinet.com\/wp-content\/uploads\/2016\/01\/Fraise-20.png\" data-caption-title=\"Yaourt \u00e0 la Fraise\" data-attachment-id=\"209\" class=\"foogallery-thumb  fg-thumb\"><span class=\"fg-image-wrap\"><img decoding=\"async\" title=\"Yaourt \u00e0 la Fraise\" class=\"bf-img skip-lazy fg-image\" height=\"200\" width=\"250\" data-src-fg=\"http:\/\/fermedumoulinet.com\/wp-content\/uploads\/cache\/2016\/01\/Fraise-20\/-2099755127.png\" src=\"data:image\/svg+xml,%3Csvg%20xmlns%3D%22http%3A%2F%2Fwww.w3.org%2F2000%2Fsvg%22%20width%3D%22250%22%20height%3D%22200%22%20viewBox%3D%220%200%20250%20200%22%3E%3C%2Fsvg%3E\" loading=\"eager\"><\/span><span class=\"fg-image-overlay\"><\/span><\/a><figcaption class=\"fg-caption\"><div class=\"fg-caption-inner\"><div class=\"fg-caption-title\">Yaourt \u00e0 la Fraise<\/div><\/div><\/figcaption><\/figure><div class=\"fg-loader\"><\/div><\/div><div class=\"fg-item fg-type-image fg-idle\"><figure class=\"fg-item-inner\"><a href=\"http:\/\/fermedumoulinet.com\/wp-content\/uploads\/2016\/01\/Coco-20.png\" data-caption-title=\"Yaourt \u00e0 la Noix de Coco\" data-attachment-id=\"208\" class=\"foogallery-thumb  fg-thumb\"><span class=\"fg-image-wrap\"><img decoding=\"async\" title=\"Yaourt \u00e0 la Noix de Coco\" class=\"bf-img skip-lazy fg-image\" height=\"200\" width=\"250\" data-src-fg=\"http:\/\/fermedumoulinet.com\/wp-content\/uploads\/cache\/2016\/01\/Coco-20\/1409005441.png\" src=\"data:image\/svg+xml,%3Csvg%20xmlns%3D%22http%3A%2F%2Fwww.w3.org%2F2000%2Fsvg%22%20width%3D%22250%22%20height%3D%22200%22%20viewBox%3D%220%200%20250%20200%22%3E%3C%2Fsvg%3E\" loading=\"eager\"><\/span><span class=\"fg-image-overlay\"><\/span><\/a><figcaption class=\"fg-caption\"><div class=\"fg-caption-inner\"><div class=\"fg-caption-title\">Yaourt \u00e0 la Noix de Coco<\/div><\/div><\/figcaption><\/figure><div class=\"fg-loader\"><\/div><\/div><div class=\"fg-item fg-type-image fg-idle\"><figure class=\"fg-item-inner\"><a href=\"http:\/\/fermedumoulinet.com\/wp-content\/uploads\/2016\/01\/Citron-20.png\" data-caption-title=\"Yaourt au Citron\" data-attachment-id=\"207\" class=\"foogallery-thumb  fg-thumb\"><span class=\"fg-image-wrap\"><img decoding=\"async\" title=\"Yaourt au Citron\" class=\"bf-img skip-lazy fg-image\" height=\"200\" width=\"250\" data-src-fg=\"http:\/\/fermedumoulinet.com\/wp-content\/uploads\/cache\/2016\/01\/Citron-20\/-1146616650.png\" src=\"data:image\/svg+xml,%3Csvg%20xmlns%3D%22http%3A%2F%2Fwww.w3.org%2F2000%2Fsvg%22%20width%3D%22250%22%20height%3D%22200%22%20viewBox%3D%220%200%20250%20200%22%3E%3C%2Fsvg%3E\" loading=\"eager\"><\/span><span class=\"fg-image-overlay\"><\/span><\/a><figcaption class=\"fg-caption\"><div class=\"fg-caption-inner\"><div class=\"fg-caption-title\">Yaourt au Citron<\/div><\/div><\/figcaption><\/figure><div class=\"fg-loader\"><\/div><\/div><div class=\"fg-item fg-type-image fg-idle\"><figure class=\"fg-item-inner\"><a href=\"http:\/\/fermedumoulinet.com\/wp-content\/uploads\/2016\/01\/Abricot-20.png\" data-caption-title=\"Yaourt \u00e0 l&#039;Abricot\" data-attachment-id=\"206\" class=\"foogallery-thumb  fg-thumb\"><span class=\"fg-image-wrap\"><img decoding=\"async\" title=\"Yaourt \u00e0 l&#039;Abricot\" class=\"bf-img skip-lazy fg-image\" height=\"200\" width=\"250\" data-src-fg=\"http:\/\/fermedumoulinet.com\/wp-content\/uploads\/cache\/2016\/01\/Abricot-20\/-2087224357.png\" src=\"data:image\/svg+xml,%3Csvg%20xmlns%3D%22http%3A%2F%2Fwww.w3.org%2F2000%2Fsvg%22%20width%3D%22250%22%20height%3D%22200%22%20viewBox%3D%220%200%20250%20200%22%3E%3C%2Fsvg%3E\" loading=\"eager\"><\/span><span class=\"fg-image-overlay\"><\/span><\/a><figcaption class=\"fg-caption\"><div class=\"fg-caption-inner\"><div class=\"fg-caption-title\">Yaourt \u00e0 l&rsquo;Abricot<\/div><\/div><\/figcaption><\/figure><div class=\"fg-loader\"><\/div><\/div><\/div>","protected":false},"excerpt":{"rendered":"<p>Depuis 2013, nous fabriquons nos yaourts \u00e0 la Ferme du Moulinet. Nous utilisons exclusivement le bon lait de nos vaches pour apporter le meilleur du terroir \u00e0 nos savoureux produits. Il y en a pour tous les go\u00fbts! Notre gamme de yaourts satisfait tous les plaisirs : yaourt nature, sucr\u00e9, parfum citron ou aux ar\u00f4mes naturels de vanille\u2026 A moins que vous n\u2019optiez pour les d\u00e9licieux yaourts sur lit de confiture de fraise, d\u2019abricot ou de framboise? Et ce n\u2019est pas tout! Venez aussi d\u00e9guster nos fameux fromages blancs, campagnards ou liss\u00e9s! Des produits 100% Vrai, 100% Bon, car toujours \u00e9labor\u00e9s \u00e0 partir d\u2019ingr\u00e9dients simples et savoureux, issus d\u2019un terroir riche en go\u00fbt. Pour conserver toutes ses saveurs et sa qualit\u00e9, le lait de nos vaches est directement transform\u00e9 en yaourts et fromages blancs \u00e0 la Ferme du Moulinet. Alors, quel sera votre pr\u00e9f\u00e9r\u00e9 ?<\/p>\n","protected":false},"author":3,"featured_media":0,"parent":0,"menu_order":0,"comment_status":"closed","ping_status":"closed","template":"","meta":{"_mi_skip_tracking":false},"yoast_head":"<!-- This site is optimized with the Yoast SEO plugin v20.0 - https:\/\/yoast.com\/wordpress\/plugins\/seo\/ -->\n<title>Nos Produits Laitiers &bull;<\/title>\n<meta name=\"robots\" content=\"index, follow, max-snippet:-1, max-image-preview:large, max-video-preview:-1\" \/>\n<link rel=\"canonical\" href=\"https:\/\/fermedumoulinet.com\/index.php\/nos-produits-laitiers\/\" \/>\n<meta property=\"og:locale\" content=\"fr_FR\" \/>\n<meta property=\"og:type\" content=\"article\" \/>\n<meta property=\"og:title\" content=\"Nos Produits Laitiers &bull;\" \/>\n<meta property=\"og:description\" content=\"Depuis 2013, nous fabriquons nos yaourts \u00e0 la Ferme du Moulinet. Nous utilisons exclusivement le bon lait de nos vaches pour apporter le meilleur du terroir \u00e0 nos savoureux produits. Il y en a pour tous les go\u00fbts! Notre gamme de yaourts satisfait tous les plaisirs : yaourt nature, sucr\u00e9, parfum citron ou aux ar\u00f4mes naturels de vanille\u2026 A moins que vous n\u2019optiez pour les d\u00e9licieux yaourts sur lit de confiture de fraise, d\u2019abricot ou de framboise? Et ce n\u2019est pas tout! Venez aussi d\u00e9guster nos fameux fromages blancs, campagnards ou liss\u00e9s! Des produits 100% Vrai, 100% Bon, car toujours \u00e9labor\u00e9s \u00e0 partir d\u2019ingr\u00e9dients simples et savoureux, issus d\u2019un terroir riche en go\u00fbt. Pour conserver toutes ses saveurs et sa qualit\u00e9, le lait de nos vaches est directement transform\u00e9 en yaourts et fromages blancs \u00e0 la Ferme du Moulinet. Alors, quel sera votre pr\u00e9f\u00e9r\u00e9 ?\" \/>\n<meta property=\"og:url\" content=\"https:\/\/fermedumoulinet.com\/index.php\/nos-produits-laitiers\/\" \/>\n<meta property=\"article:publisher\" content=\"https:\/\/www.facebook.com\/Ferme-du-Moulinet-453255748186140\/?fref=ts\" \/>\n<meta property=\"article:modified_time\" content=\"2024-01-08T14:18:46+00:00\" \/>\n<meta property=\"og:image\" content=\"http:\/\/fermedumoulinet.com\/wp-content\/uploads\/2016\/02\/produitslaitiers-300x225.jpg\" \/>\n<meta name=\"twitter:card\" content=\"summary_large_image\" \/>\n<meta name=\"twitter:label1\" content=\"Dur\u00e9e de lecture estim\u00e9e\" \/>\n\t<meta name=\"twitter:data1\" content=\"1 minute\" \/>\n<script type=\"application\/ld+json\" class=\"yoast-schema-graph\">{\"@context\":\"https:\/\/schema.org\",\"@graph\":[{\"@type\":\"WebPage\",\"@id\":\"https:\/\/fermedumoulinet.com\/index.php\/nos-produits-laitiers\/\",\"url\":\"https:\/\/fermedumoulinet.com\/index.php\/nos-produits-laitiers\/\",\"name\":\"Nos Produits Laitiers &bull;\",\"isPartOf\":{\"@id\":\"http:\/\/fermedumoulinet.com\/#website\"},\"datePublished\":\"2016-01-20T08:37:26+00:00\",\"dateModified\":\"2024-01-08T14:18:46+00:00\",\"breadcrumb\":{\"@id\":\"https:\/\/fermedumoulinet.com\/index.php\/nos-produits-laitiers\/#breadcrumb\"},\"inLanguage\":\"fr-FR\",\"potentialAction\":[{\"@type\":\"ReadAction\",\"target\":[\"https:\/\/fermedumoulinet.com\/index.php\/nos-produits-laitiers\/\"]}]},{\"@type\":\"BreadcrumbList\",\"@id\":\"https:\/\/fermedumoulinet.com\/index.php\/nos-produits-laitiers\/#breadcrumb\",\"itemListElement\":[{\"@type\":\"ListItem\",\"position\":1,\"name\":\"Accueil\",\"item\":\"http:\/\/fermedumoulinet.com\/\"},{\"@type\":\"ListItem\",\"position\":2,\"name\":\"Nos Produits Laitiers\"}]},{\"@type\":\"WebSite\",\"@id\":\"http:\/\/fermedumoulinet.com\/#website\",\"url\":\"http:\/\/fermedumoulinet.com\/\",\"name\":\"\",\"description\":\"\",\"potentialAction\":[{\"@type\":\"SearchAction\",\"target\":{\"@type\":\"EntryPoint\",\"urlTemplate\":\"http:\/\/fermedumoulinet.com\/?s={search_term_string}\"},\"query-input\":\"required name=search_term_string\"}],\"inLanguage\":\"fr-FR\"}]}<\/script>\n<!-- \/ Yoast SEO plugin. -->","yoast_head_json":{"title":"Nos Produits Laitiers &bull;","robots":{"index":"index","follow":"follow","max-snippet":"max-snippet:-1","max-image-preview":"max-image-preview:large","max-video-preview":"max-video-preview:-1"},"canonical":"https:\/\/fermedumoulinet.com\/index.php\/nos-produits-laitiers\/","og_locale":"fr_FR","og_type":"article","og_title":"Nos Produits Laitiers &bull;","og_description":"Depuis 2013, nous fabriquons nos yaourts \u00e0 la Ferme du Moulinet. Nous utilisons exclusivement le bon lait de nos vaches pour apporter le meilleur du terroir \u00e0 nos savoureux produits. Il y en a pour tous les go\u00fbts! Notre gamme de yaourts satisfait tous les plaisirs : yaourt nature, sucr\u00e9, parfum citron ou aux ar\u00f4mes naturels de vanille\u2026 A moins que vous n\u2019optiez pour les d\u00e9licieux yaourts sur lit de confiture de fraise, d\u2019abricot ou de framboise? Et ce n\u2019est pas tout! Venez aussi d\u00e9guster nos fameux fromages blancs, campagnards ou liss\u00e9s! Des produits 100% Vrai, 100% Bon, car toujours \u00e9labor\u00e9s \u00e0 partir d\u2019ingr\u00e9dients simples et savoureux, issus d\u2019un terroir riche en go\u00fbt. Pour conserver toutes ses saveurs et sa qualit\u00e9, le lait de nos vaches est directement transform\u00e9 en yaourts et fromages blancs \u00e0 la Ferme du Moulinet. Alors, quel sera votre pr\u00e9f\u00e9r\u00e9 ?","og_url":"https:\/\/fermedumoulinet.com\/index.php\/nos-produits-laitiers\/","article_publisher":"https:\/\/www.facebook.com\/Ferme-du-Moulinet-453255748186140\/?fref=ts","article_modified_time":"2024-01-08T14:18:46+00:00","og_image":[{"url":"http:\/\/fermedumoulinet.com\/wp-content\/uploads\/2016\/02\/produitslaitiers-300x225.jpg"}],"twitter_card":"summary_large_image","twitter_misc":{"Dur\u00e9e de lecture estim\u00e9e":"1 minute"},"schema":{"@context":"https:\/\/schema.org","@graph":[{"@type":"WebPage","@id":"https:\/\/fermedumoulinet.com\/index.php\/nos-produits-laitiers\/","url":"https:\/\/fermedumoulinet.com\/index.php\/nos-produits-laitiers\/","name":"Nos Produits Laitiers &bull;","isPartOf":{"@id":"http:\/\/fermedumoulinet.com\/#website"},"datePublished":"2016-01-20T08:37:26+00:00","dateModified":"2024-01-08T14:18:46+00:00","breadcrumb":{"@id":"https:\/\/fermedumoulinet.com\/index.php\/nos-produits-laitiers\/#breadcrumb"},"inLanguage":"fr-FR","potentialAction":[{"@type":"ReadAction","target":["https:\/\/fermedumoulinet.com\/index.php\/nos-produits-laitiers\/"]}]},{"@type":"BreadcrumbList","@id":"https:\/\/fermedumoulinet.com\/index.php\/nos-produits-laitiers\/#breadcrumb","itemListElement":[{"@type":"ListItem","position":1,"name":"Accueil","item":"http:\/\/fermedumoulinet.com\/"},{"@type":"ListItem","position":2,"name":"Nos Produits Laitiers"}]},{"@type":"WebSite","@id":"http:\/\/fermedumoulinet.com\/#website","url":"http:\/\/fermedumoulinet.com\/","name":"","description":"","potentialAction":[{"@type":"SearchAction","target":{"@type":"EntryPoint","urlTemplate":"http:\/\/fermedumoulinet.com\/?s={search_term_string}"},"query-input":"required name=search_term_string"}],"inLanguage":"fr-FR"}]}},"_links":{"self":[{"href":"http:\/\/fermedumoulinet.com\/index.php\/wp-json\/wp\/v2\/pages\/10"}],"collection":[{"href":"http:\/\/fermedumoulinet.com\/index.php\/wp-json\/wp\/v2\/pages"}],"about":[{"href":"http:\/\/fermedumoulinet.com\/index.php\/wp-json\/wp\/v2\/types\/page"}],"author":[{"embeddable":true,"href":"http:\/\/fermedumoulinet.com\/index.php\/wp-json\/wp\/v2\/users\/3"}],"replies":[{"embeddable":true,"href":"http:\/\/fermedumoulinet.com\/index.php\/wp-json\/wp\/v2\/comments?post=10"}],"version-history":[{"count":14,"href":"http:\/\/fermedumoulinet.com\/index.php\/wp-json\/wp\/v2\/pages\/10\/revisions"}],"predecessor-version":[{"id":338,"href":"http:\/\/fermedumoulinet.com\/index.php\/wp-json\/wp\/v2\/pages\/10\/revisions\/338"}],"wp:attachment":[{"href":"http:\/\/fermedumoulinet.com\/index.php\/wp-json\/wp\/v2\/media?parent=10"}],"curies":[{"name":"wp","href":"https:\/\/api.w.org\/{rel}","templated":true}]}}